{"id":35,"date":"2018-03-06T12:10:02","date_gmt":"2018-03-06T12:10:02","guid":{"rendered":"https:\/\/reisebuero-lux.de\/?page_id=35"},"modified":"2021-03-30T11:53:06","modified_gmt":"2021-03-30T11:53:06","slug":"ueber-mich","status":"publish","type":"page","link":"https:\/\/reisebuero-lux.de\/?page_id=35","title":{"rendered":"\u00dcber mich"},"content":{"rendered":"<h1>Reiseb\u00fcro Lux<\/h1>\n<p>Das Reiseb\u00fcro LUX in Frankfurt-Ginnheim wurde 1985 von Frau Evelyn Lux-Borng\u00e4sser gegr\u00fcndet und im November 2010 von Caroline Grottker \u00fcbernommen. Buchen k\u00f6nnen Sie dort alles, was ein klassisches Reiseb\u00fcro zu bieten hat, von der Pauschalreise der g\u00e4ngigen Reiseveranstalter \u00fcber Einzelleistungen wie Flug-, Bahn- und Bustickets, Mietwagen etc., bis hin zu ma\u00dfgeschneiderten sog. \u201eVerbundenen Reiseleistungen\u201c. Hier werden Ihnen gerne Ihre individuellen Reisen nach Ihren W\u00fcnschen zusammengestellt. Der Schwerpunkt liegt inzwischen auf Studien- und St\u00e4dtereisen. Ab 2021 sind Tagestouren und Kurzreisen gemeinsam mit <a href=\"https:\/\/artefire-stadtfuehrungen.de\/\">artefire Stadtf\u00fchrungen <\/a>in die n\u00e4here Umgebung geplant.<\/p>\n<h1>Dr. Caroline Grottker<\/h1>\n<p>Geboren 1960 in Frankfurt am Main. 1978 \u2013 1984 Studium der Kunstgeschichte, der Klassischen Arch\u00e4ologie und Theater-, Film- und Fernsehwissenschaften. 1994 Promotion mit dem Thema \u201eAndreas Gallasini. F\u00fcrst\u00e4btlicher Hofbaumeister in Fulda\u201c. Nach einem Volontariat am Landesamt f\u00fcr Denkmalpflege in Wiesbaden (1992 \u2013 1994) sowie langj\u00e4hrigen T\u00e4tigkeiten in der Medizinischen Marktforschung (1981 \u2013 2010) \u00fcbernahm sie 2010 das Reiseb\u00fcro LUX.<\/p>\n","protected":false},"excerpt":{"rendered":"<p>Reiseb\u00fcro Lux Das Reiseb\u00fcro LUX in Frankfurt-Ginnheim wurde 1985 von Frau Evelyn Lux-Borng\u00e4sser gegr\u00fcndet und im November 2010 von Caroline Grottker \u00fcbernommen. Buchen k\u00f6nnen Sie dort alles, was ein klassisches Reiseb\u00fcro zu bieten hat, von der Pauschalreise der g\u00e4ngigen Reiseveranstalter \u00fcber Einzelleistungen wie Flug-, Bahn- und Bustickets, Mietwagen etc., bis hin zu ma\u00dfgeschneiderten sog. \u201eVerbundenen &hellip; <\/p>\n<p class=\"link-more\"><a href=\"https:\/\/reisebuero-lux.de\/?page_id=35\" class=\"more-link\"><span class=\"screen-reader-text\">\u201e\u00dcber mich\u201c<\/span> weiterlesen<\/a><\/p>\n","protected":false},"author":1,"featured_media":73,"parent":0,"menu_order":0,"comment_status":"closed","ping_status":"closed","template":"","meta":[],"_links":{"self":[{"href":"https:\/\/reisebuero-lux.de\/index.php?rest_route=\/wp\/v2\/pages\/35"}],"collection":[{"href":"https:\/\/reisebuero-lux.de\/index.php?rest_route=\/wp\/v2\/pages"}],"about":[{"href":"https:\/\/reisebuero-lux.de\/index.php?rest_route=\/wp\/v2\/types\/page"}],"author":[{"embeddable":true,"href":"https:\/\/reisebuero-lux.de\/index.php?rest_route=\/wp\/v2\/users\/1"}],"replies":[{"embeddable":true,"href":"https:\/\/reisebuero-lux.de\/index.php?rest_route=%2Fwp%2Fv2%2Fcomments&post=35"}],"version-history":[{"count":4,"href":"https:\/\/reisebuero-lux.de\/index.php?rest_route=\/wp\/v2\/pages\/35\/revisions"}],"predecessor-version":[{"id":91,"href":"https:\/\/reisebuero-lux.de\/index.php?rest_route=\/wp\/v2\/pages\/35\/revisions\/91"}],"wp:featuredmedia":[{"embeddable":true,"href":"https:\/\/reisebuero-lux.de\/index.php?rest_route=\/wp\/v2\/media\/73"}],"wp:attachment":[{"href":"https:\/\/reisebuero-lux.de\/index.php?rest_route=%2Fwp%2Fv2%2Fmedia&parent=35"}],"curies":[{"name":"wp","href":"https:\/\/api.w.org\/{rel}","templated":true}]}}